{"id":99,"date":"2010-07-01T21:26:53","date_gmt":"2010-07-01T20:26:53","guid":{"rendered":"http:\/\/jatur.ifaway.net\/?page_id=99"},"modified":"2010-07-01T21:26:53","modified_gmt":"2010-07-01T20:26:53","slug":"yemen-2000","status":"publish","type":"page","link":"https:\/\/jatur.ch\/?page_id=99","title":{"rendered":"Y\u00e9men 2000"},"content":{"rendered":"<p>En \u00e9t\u00e9 2000, 12 participants et leurs accompagnants se rendent au Y\u00e9men, \u00e0 l&rsquo;orphelinat Beit A\u00efcha \u00e0 Sana&rsquo;a. L&rsquo;orphelinat a ouvert ses portes le 16 ao\u00fbt 1998 et accueille majoritairement de jeunes filles. <img src=\"http:\/\/jatur.ifaway.net\/wp-includes\/js\/tinymce\/plugins\/wordpress\/img\/trans.gif\" alt=\"\" \/><\/p>\n<p>Le groupe a amen\u00e9:<\/p>\n<ul>\n<li>1 \u00e9tuve pour le laboratoire de l&rsquo;orphelinat<\/li>\n<li>1 ballot d&rsquo;habits<\/li>\n<li>6000 $ destin\u00e9s \u00e0 l&rsquo;ouverture et \u00e0 l&rsquo;installation d&rsquo;un second orphelinat dans le sud du pays. N&rsquo;ayant pas pu l&rsquo;ouvrir cet \u00e9t\u00e9 comme pr\u00e9vu, cette somme est bloqu\u00e9e et le projet sera r\u00e9alis\u00e9 en 2001<a href=\"http:\/\/www.jatur.ch\/wp-content\/uploads\/2010\/06\/img0014.jpg\"><img loading=\"lazy\" src=\"http:\/\/www.jatur.ch\/wp-content\/uploads\/2010\/06\/img0014-300x212.jpg\" alt=\"\" width=\"300\" height=\"212\" \/><\/a><\/li>\n<\/ul>\n","protected":false},"excerpt":{"rendered":"<p>En \u00e9t\u00e9 2000, 12 participants et leurs accompagnants se rendent au Y\u00e9men, \u00e0 l&rsquo;orphelinat Beit A\u00efcha \u00e0 Sana&rsquo;a. L&rsquo;orphelinat a ouvert ses portes le 16 ao\u00fbt 1998 et accueille majoritairement de jeunes filles. Le groupe a amen\u00e9: 1 \u00e9tuve pour &hellip; <a href=\"https:\/\/jatur.ch\/?page_id=99\">Lire la suite <span class=\"meta-nav\">&rarr;<\/span><\/a><\/p>\n","protected":false},"author":2,"featured_media":0,"parent":323,"menu_order":0,"comment_status":"open","ping_status":"open","template":"","meta":[],"_links":{"self":[{"href":"https:\/\/jatur.ch\/index.php?rest_route=\/wp\/v2\/pages\/99"}],"collection":[{"href":"https:\/\/jatur.ch\/index.php?rest_route=\/wp\/v2\/pages"}],"about":[{"href":"https:\/\/jatur.ch\/index.php?rest_route=\/wp\/v2\/types\/page"}],"author":[{"embeddable":true,"href":"https:\/\/jatur.ch\/index.php?rest_route=\/wp\/v2\/users\/2"}],"replies":[{"embeddable":true,"href":"https:\/\/jatur.ch\/index.php?rest_route=%2Fwp%2Fv2%2Fcomments&post=99"}],"version-history":[{"count":0,"href":"https:\/\/jatur.ch\/index.php?rest_route=\/wp\/v2\/pages\/99\/revisions"}],"up":[{"embeddable":true,"href":"https:\/\/jatur.ch\/index.php?rest_route=\/wp\/v2\/pages\/323"}],"wp:attachment":[{"href":"https:\/\/jatur.ch\/index.php?rest_route=%2Fwp%2Fv2%2Fmedia&parent=99"}],"curies":[{"name":"wp","href":"https:\/\/api.w.org\/{rel}","templated":true}]}}