{"id":97,"date":"2010-07-01T21:26:13","date_gmt":"2010-07-01T20:26:13","guid":{"rendered":"http:\/\/jatur.ifaway.net\/?page_id=97"},"modified":"2010-07-01T21:26:13","modified_gmt":"2010-07-01T20:26:13","slug":"benin-2001","status":"publish","type":"page","link":"https:\/\/jatur.ch\/?page_id=97","title":{"rendered":"B\u00e9nin 2001"},"content":{"rendered":"<p>\u00ab\u00a0Pour le voyage au B\u00e9nin, nous \u00e9tions un groupe de douze, dix participants et deux accompagnants. Pour certains d&rsquo;entre nous, c&rsquo;\u00e9tait la premi\u00e8re fois que nous allions en Afrique. A notre arriv\u00e9e \u00e0 Sak\u00e9t\u00e9, nous f\u00fbmes tr\u00e8s bien re\u00e7us. Nous nous y attentions pas. Il y a avait probablement 100 personnes dont un groupe de petits danseurs.<img src=\"http:\/\/jatur.ifaway.net\/wp-includes\/js\/tinymce\/plugins\/wordpress\/img\/trans.gif\" alt=\"\" \/><\/p>\n<p>Le travail \u00e9tait p\u00e9nible pour nous, nous n&rsquo;\u00e9tions pas habitu\u00e9s. Mais avec de la bonne volont\u00e9 et surtout l&rsquo;aide des b\u00e9ninois, nous avons plant\u00e9 2600 arbres, et nettoy\u00e9 (d\u00e9racin\u00e9, d\u00e9sherb\u00e9) un terrain de football. Rien que de faire des p\u00e2tes \u00e9tait un exploit. Prendre une douche \u00e0 l&rsquo;aide d&rsquo;un bol et surtout aller chercher l&rsquo;eau \u00e9tait une longue op\u00e9ration.\u00a0\u00bb<\/p>\n<p>Luisa, participante B\u00e9nin 2001<a href=\"http:\/\/www.jatur.ch\/wp-content\/uploads\/2010\/06\/b\u00e9nin.jpg\"><img loading=\"lazy\" src=\"http:\/\/www.jatur.ch\/wp-content\/uploads\/2010\/06\/b\u00e9nin-300x212.jpg\" alt=\"\" width=\"300\" height=\"212\" \/><\/a><\/p>\n","protected":false},"excerpt":{"rendered":"<p>\u00ab\u00a0Pour le voyage au B\u00e9nin, nous \u00e9tions un groupe de douze, dix participants et deux accompagnants. Pour certains d&rsquo;entre nous, c&rsquo;\u00e9tait la premi\u00e8re fois que nous allions en Afrique. A notre arriv\u00e9e \u00e0 Sak\u00e9t\u00e9, nous f\u00fbmes tr\u00e8s bien re\u00e7us. Nous &hellip; <a href=\"https:\/\/jatur.ch\/?page_id=97\">Lire la suite <span class=\"meta-nav\">&rarr;<\/span><\/a><\/p>\n","protected":false},"author":2,"featured_media":0,"parent":323,"menu_order":0,"comment_status":"open","ping_status":"open","template":"","meta":[],"_links":{"self":[{"href":"https:\/\/jatur.ch\/index.php?rest_route=\/wp\/v2\/pages\/97"}],"collection":[{"href":"https:\/\/jatur.ch\/index.php?rest_route=\/wp\/v2\/pages"}],"about":[{"href":"https:\/\/jatur.ch\/index.php?rest_route=\/wp\/v2\/types\/page"}],"author":[{"embeddable":true,"href":"https:\/\/jatur.ch\/index.php?rest_route=\/wp\/v2\/users\/2"}],"replies":[{"embeddable":true,"href":"https:\/\/jatur.ch\/index.php?rest_route=%2Fwp%2Fv2%2Fcomments&post=97"}],"version-history":[{"count":0,"href":"https:\/\/jatur.ch\/index.php?rest_route=\/wp\/v2\/pages\/97\/revisions"}],"up":[{"embeddable":true,"href":"https:\/\/jatur.ch\/index.php?rest_route=\/wp\/v2\/pages\/323"}],"wp:attachment":[{"href":"https:\/\/jatur.ch\/index.php?rest_route=%2Fwp%2Fv2%2Fmedia&parent=97"}],"curies":[{"name":"wp","href":"https:\/\/api.w.org\/{rel}","templated":true}]}}