{"id":88,"date":"2010-07-01T21:16:06","date_gmt":"2010-07-01T20:16:06","guid":{"rendered":"http:\/\/jatur.ifaway.net\/?page_id=88"},"modified":"2010-07-01T21:16:06","modified_gmt":"2010-07-01T20:16:06","slug":"benin-gbeova-2010","status":"publish","type":"page","link":"https:\/\/jatur.ch\/?page_id=88","title":{"rendered":"B\u00e9nin-Gb\u00e9ova"},"content":{"rendered":"<p><code><br \/>\n<\/code><\/p>\n<p>Salut les poules,<\/p>\n<p>Nous voila maintenant depuis une semaine \u00e0 Gb\u00e9ova, et un petit train train de vie s\u2019est install\u00e9.<br \/>\n6h30: r\u00e9veil pour l\u2019\u00e9quipe des cuisiniers. Comme boulot: renouvellement de l\u2019eau puis\u00e9e, pr\u00e9paration du ptit d\u00e9j et r\u00e9veil des autres en chanson \u00e0 7h15.<br \/>\nPlut\u00f4t press\u00e9s par le d\u00e9part au chantier \u00e0 8h, nous nous d\u00e9p\u00eachons d\u2019avaler notre caf\u00e9 en poudre, avec notre lait en poudre, sucre et chocolat en poudre et confiture en poudre(simplement histoire de v\u00e9rifiez si vous \u00e9tiez bien attentifs)<\/p>\n<p>Le travail de chantier consiste au deplacement de briques \u00e0 la chaine. Heureusement, les enfants hauts comme trois briques et les ain\u00e9s et ain\u00e9es nous aident volontiers, sourire en prime..<br \/>\n12h, repas toujours servi \u00e0 l\u2019heure (b\u00e9ninoise) concoct\u00e9 par les cuisiniers.<\/p>\n<p>Au menu, riz couscous riz pates, riz, tomates\u2026Des choses bien consistantes qui nous aident \u00e0 tenir jusqu\u2019au soir. ( Bon, ok, un ou deux beignets, bananes plantains ou ananas ne sont pas de refus lors d\u2019instants de gourmandise)<\/p>\n<p>Le programme de l apr\u00e8s midi diff\u00e8re. Pendant que d autres sont coinc\u00e9s sur les toilettes, d\u2019autres profitent de moments privil\u00e9gi\u00e9s avec les enfants, toujours impatients de la moindre activit\u00e9.<br \/>\nVisite de mus\u00e9es de temples et observation du mode de vie des beninois.<br \/>\nSans oublier les discussions enrichissantes etablies avec ces derniers<br \/>\nLa soir\u00e9e est souvent rocambolesque: se changer sans lumiere, aller aux toilettes dans la nuit noire (avec comme compagnons les cafards)(P.S: la maman de lina n\u2019a pas a s inquieter, elle ne va pas aux toilettes la nuit!)<\/p>\n<p>Pour terminer, l\u2019ambiance du groupe est on ne peut plus catastrophique.<br \/>\nNos abdominaux souffrent de fous rires, notre gorge deployee a du mal a s en remettre, nos joues restent bloquees aux esquisses de sourire.<\/p>\n<p>Mot general: \u201cTout le monde se porte tres bien\u201d (La malarone nous rend tous fada)<\/p>\n<p>On vous embrasse (sur la fesse gauche, et sur la droite)<br \/>\nOn pense a vous!<\/p>\n<p>L equipe Potatoes team Benin<\/p>\n<p>Alex Andy Eliott Lina Aurelie Louise Filipe Leticia Severine (et Raouf et Geraldine..;)<\/p>\n<p>Quelques photos <a href=\"http:\/\/www.flickr.com\/photos\/24613266@N08\/sets\/72157624570275911\/show\/\">par ici<\/a><\/p>\n<p>La brochure bilan du voyage <a href=\"http:\/\/www.jatur.ch\/wp-content\/uploads\/2010\/07\/jatur_brochure.pdf\">par l\u00e0<\/a><\/p>\n<p><code>[kml_flashembed movie=\"http:\/\/www.youtube.com\/v\/DM9LVJe_wa8\" width=\"425\" height=\"350\" wmode=\"transparent\" \/]<\/code><\/p>\n<p><code>[kml_flashembed movie=\"http:\/\/www.youtube.com\/v\/P9Huahx_Oos\" width=\"425\" height=\"350\" wmode=\"transparent\" \/]<\/code><\/p>\n<p><code>[kml_flashembed movie=\"http:\/\/www.youtube.com\/v\/P3UAo6pylP8\" width=\"425\" height=\"350\" wmode=\"transparent\" \/]<\/code><\/p>\n<p><code>[kml_flashembed movie=\"http:\/\/www.youtube.com\/v\/Bsrn2DzOPfg\" width=\"425\" height=\"350\" wmode=\"transparent\" \/]<\/code><\/p>\n<p><code>[kml_flashembed movie=\"http:\/\/www.youtube.com\/v\/t_YczrXXxAc\" width=\"425\" height=\"350\" wmode=\"transparent\" \/]<\/code><\/p>\n<p><code>[kml_flashembed movie=\"http:\/\/www.youtube.com\/v\/LizFoefc4hc\" width=\"425\" height=\"350\" wmode=\"transparent\" \/]<\/code><\/p>\n<p><code>[kml_flashembed movie=\"http:\/\/www.youtube.com\/v\/harv2kGLMrY\" width=\"425\" height=\"350\" wmode=\"transparent\" \/]<\/code><\/p>\n<p><code>[kml_flashembed movie=\"http:\/\/www.youtube.com\/v\/Rbo5YVQ6Yq0\" width=\"425\" height=\"350\" wmode=\"transparent\" \/]<\/code><\/p>\n<p><code>[kml_flashembed movie=\"http:\/\/www.youtube.com\/v\/1Z6ANcUeSZA\" width=\"425\" height=\"350\" wmode=\"transparent\" \/]<\/code><\/p>\n<p><code>[kml_flashembed movie=\"http:\/\/www.youtube.com\/v\/2PQBAT_Ki4A\" width=\"425\" height=\"350\" wmode=\"transparent\" \/]<\/code><\/p>\n<p><code>[kml_flashembed movie=\"http:\/\/www.youtube.com\/v\/em4qQKG3KRk\" width=\"425\" height=\"350\" wmode=\"transparent\" \/]<\/code><\/p>\n<p><code>[kml_flashembed movie=\"http:\/\/www.youtube.com\/v\/nxLyT-pb6Ho\" width=\"425\" height=\"350\" wmode=\"transparent\" \/]<\/code><\/p>\n","protected":false},"excerpt":{"rendered":"<p>Salut les poules, Nous voila maintenant depuis une semaine \u00e0 Gb\u00e9ova, et un petit train train de vie s\u2019est install\u00e9. 6h30: r\u00e9veil pour l\u2019\u00e9quipe des cuisiniers. Comme boulot: renouvellement de l\u2019eau puis\u00e9e, pr\u00e9paration du ptit d\u00e9j et r\u00e9veil des autres &hellip; <a href=\"https:\/\/jatur.ch\/?page_id=88\">Lire la suite <span class=\"meta-nav\">&rarr;<\/span><\/a><\/p>\n","protected":false},"author":2,"featured_media":0,"parent":175,"menu_order":0,"comment_status":"open","ping_status":"open","template":"","meta":[],"_links":{"self":[{"href":"https:\/\/jatur.ch\/index.php?rest_route=\/wp\/v2\/pages\/88"}],"collection":[{"href":"https:\/\/jatur.ch\/index.php?rest_route=\/wp\/v2\/pages"}],"about":[{"href":"https:\/\/jatur.ch\/index.php?rest_route=\/wp\/v2\/types\/page"}],"author":[{"embeddable":true,"href":"https:\/\/jatur.ch\/index.php?rest_route=\/wp\/v2\/users\/2"}],"replies":[{"embeddable":true,"href":"https:\/\/jatur.ch\/index.php?rest_route=%2Fwp%2Fv2%2Fcomments&post=88"}],"version-history":[{"count":0,"href":"https:\/\/jatur.ch\/index.php?rest_route=\/wp\/v2\/pages\/88\/revisions"}],"up":[{"embeddable":true,"href":"https:\/\/jatur.ch\/index.php?rest_route=\/wp\/v2\/pages\/175"}],"wp:attachment":[{"href":"https:\/\/jatur.ch\/index.php?rest_route=%2Fwp%2Fv2%2Fmedia&parent=88"}],"curies":[{"name":"wp","href":"https:\/\/api.w.org\/{rel}","templated":true}]}}