{"id":761,"date":"2015-09-25T06:43:50","date_gmt":"2015-09-25T06:43:50","guid":{"rendered":"http:\/\/www.jatur.ch\/?page_id=761"},"modified":"2017-10-26T18:33:40","modified_gmt":"2017-10-26T18:33:40","slug":"burkina-2016","status":"publish","type":"page","link":"https:\/\/jatur.ch\/?page_id=761","title":{"rendered":"Burkina 2016"},"content":{"rendered":"<div class=\"ead-preview\"><div class=\"ead-document\" style=\"position: relative;padding-top: 90%;\"><iframe src=\"\/\/view.officeapps.live.com\/op\/embed.aspx?src=http%3A%2F%2Fwww.jatur.ch%2Fwp-content%2Fuploads%2F2015%2F09%2FPP-Jatur-Burkina-Faso-2016.pptx\" title=\"Document embarqu\u00e9\" class=\"ead-iframe\" style=\"width: 100%;height: 100%;border: none;position: absolute;left: 0;top: 0;\"><\/iframe><\/div><\/div>\n<div class=\"fb-share-button\">\n<div class=\"fb-share-button\">\u00a0<a href=\"http:\/\/www.jatur.ch\/wp-content\/uploads\/2017\/02\/Rapport-Burkina-Faso-2016_corr.pdf\" rel=\"attachment wp-att-1109\"><img loading=\"lazy\" class=\"aligncenter wp-image-1109 size-full\" src=\"http:\/\/www.jatur.ch\/wp-content\/uploads\/2017\/02\/Rapport-Burkina_Faso-2016.png\" alt=\"Rapport Burkina_Faso 2016\" width=\"1280\" height=\"800\" srcset=\"https:\/\/jatur.ch\/wp-content\/uploads\/2017\/02\/Rapport-Burkina_Faso-2016.png 1280w, https:\/\/jatur.ch\/wp-content\/uploads\/2017\/02\/Rapport-Burkina_Faso-2016-300x188.png 300w, https:\/\/jatur.ch\/wp-content\/uploads\/2017\/02\/Rapport-Burkina_Faso-2016-768x480.png 768w, https:\/\/jatur.ch\/wp-content\/uploads\/2017\/02\/Rapport-Burkina_Faso-2016-1024x640.png 1024w, https:\/\/jatur.ch\/wp-content\/uploads\/2017\/02\/Rapport-Burkina_Faso-2016-480x300.png 480w\" sizes=\"(max-width: 1280px) 100vw, 1280px\" \/><\/a><\/div>\n<div class=\"fb-share-button\"><\/div>\n<div class=\"fb-share-button\"><\/div>\n<\/div>\n<div class=\"fb-share-button\">\n<div class=\"fb-share-button\">Pr\u00e9sentation du projet 2016 (Cliquer sur l&rsquo;image pour ouvrir le fichier)<\/div>\n<p>&nbsp;<\/p>\n<div class=\"fb-share-button\"><a href=\"http:\/\/www.jatur.ch\/wp-content\/uploads\/2015\/09\/Projets-Burkina-Faso-2016-2.pdf\"><img loading=\"lazy\" class=\"aligncenter wp-image-824\" src=\"http:\/\/www.jatur.ch\/wp-content\/uploads\/2015\/01\/b16.jpg\" alt=\"b16\" width=\"533\" height=\"189\" srcset=\"https:\/\/jatur.ch\/wp-content\/uploads\/2015\/01\/b16.jpg 533w, https:\/\/jatur.ch\/wp-content\/uploads\/2015\/01\/b16-300x106.jpg 300w, https:\/\/jatur.ch\/wp-content\/uploads\/2015\/01\/b16-500x177.jpg 500w\" sizes=\"(max-width: 533px) 100vw, 533px\" \/><\/a><\/div>\n<div class=\"fb-share-button\"><\/div>\n<div class=\"fb-share-button\"><strong>S<\/strong><strong>i vous \u00eates int\u00e9ress\u00e9-e-s, veuillez remplir la fiche de<em>\u00a0<a href=\"http:\/\/www.jatur.ch\/wp-content\/uploads\/2015\/09\/Pr\u00e9inscription-Burkina-20161.pdf\">Pr\u00e9inscription Burkina<\/a><span style=\"color: #ff9900;\"><a href=\"http:\/\/www.jatur.ch\/wp-content\/uploads\/2014\/03\/Pr\u00e9inscription-Burkina1.docx\"><span style=\"color: #ff9900;\">\u00a0<\/span><\/a><\/span><\/em>et l&rsquo;envoyer \u00e0 info@jatur.ch<\/strong><\/div>\n<p>Vous pouvez aussi nous aider en sponsorisant un des diff\u00e9rents kit suivant :<\/p>\n<p><a href=\"http:\/\/www.jatur.ch\/wp-content\/uploads\/2015\/09\/Sponsoring-moustiquaire-25-frs.pdf\"><img loading=\"lazy\" class=\"aligncenter wp-image-839 size-full\" src=\"http:\/\/www.jatur.ch\/wp-content\/uploads\/2015\/09\/moustiquaire.jpg\" alt=\"moustiquaire\" width=\"950\" height=\"86\" srcset=\"https:\/\/jatur.ch\/wp-content\/uploads\/2015\/09\/moustiquaire.jpg 950w, https:\/\/jatur.ch\/wp-content\/uploads\/2015\/09\/moustiquaire-300x27.jpg 300w, https:\/\/jatur.ch\/wp-content\/uploads\/2015\/09\/moustiquaire-500x45.jpg 500w\" sizes=\"(max-width: 950px) 100vw, 950px\" \/><\/a><a href=\"http:\/\/www.jatur.ch\/wp-content\/uploads\/2015\/09\/Sponsoring-lave-mains-50-frs.pdf\"><img loading=\"lazy\" class=\"aligncenter wp-image-838 size-full\" src=\"http:\/\/www.jatur.ch\/wp-content\/uploads\/2015\/09\/sanitaire.jpg\" alt=\"sanitaire\" width=\"950\" height=\"86\" srcset=\"https:\/\/jatur.ch\/wp-content\/uploads\/2015\/09\/sanitaire.jpg 950w, https:\/\/jatur.ch\/wp-content\/uploads\/2015\/09\/sanitaire-300x27.jpg 300w, https:\/\/jatur.ch\/wp-content\/uploads\/2015\/09\/sanitaire-500x45.jpg 500w\" sizes=\"(max-width: 950px) 100vw, 950px\" \/><\/a><\/p>\n<p><a href=\"http:\/\/www.jatur.ch\/wp-content\/uploads\/2015\/09\/Sponsoring-syst\u00e8me-solaire-individuel-75-frs.pdf\"><img loading=\"lazy\" class=\"aligncenter wp-image-841 size-full\" src=\"http:\/\/www.jatur.ch\/wp-content\/uploads\/2015\/09\/solaire.jpg\" alt=\"solaire\" width=\"983\" height=\"86\" srcset=\"https:\/\/jatur.ch\/wp-content\/uploads\/2015\/09\/solaire.jpg 983w, https:\/\/jatur.ch\/wp-content\/uploads\/2015\/09\/solaire-300x26.jpg 300w, https:\/\/jatur.ch\/wp-content\/uploads\/2015\/09\/solaire-500x44.jpg 500w\" sizes=\"(max-width: 983px) 100vw, 983px\" \/><\/a><a href=\"http:\/\/www.jatur.ch\/wp-content\/uploads\/2015\/09\/Sponsoring-Kit-Sant\u00e9-150-frs.pdf\"><img loading=\"lazy\" class=\"aligncenter wp-image-840 size-full\" src=\"http:\/\/www.jatur.ch\/wp-content\/uploads\/2015\/09\/sante.jpg\" alt=\"sante\" width=\"950\" height=\"89\" srcset=\"https:\/\/jatur.ch\/wp-content\/uploads\/2015\/09\/sante.jpg 950w, https:\/\/jatur.ch\/wp-content\/uploads\/2015\/09\/sante-300x28.jpg 300w, https:\/\/jatur.ch\/wp-content\/uploads\/2015\/09\/sante-500x47.jpg 500w\" sizes=\"(max-width: 950px) 100vw, 950px\" \/><\/a><\/p>\n<\/div>\n","protected":false},"excerpt":{"rendered":"<p>\u00a0 Pr\u00e9sentation du projet 2016 (Cliquer sur l&rsquo;image pour ouvrir le fichier) &nbsp; Si vous \u00eates int\u00e9ress\u00e9-e-s, veuillez remplir la fiche de\u00a0Pr\u00e9inscription Burkina\u00a0et l&rsquo;envoyer \u00e0 info@jatur.ch Vous pouvez aussi nous aider en sponsorisant un des diff\u00e9rents kit suivant :<\/p>\n","protected":false},"author":1,"featured_media":0,"parent":0,"menu_order":0,"comment_status":"closed","ping_status":"open","template":"","meta":[],"_links":{"self":[{"href":"https:\/\/jatur.ch\/index.php?rest_route=\/wp\/v2\/pages\/761"}],"collection":[{"href":"https:\/\/jatur.ch\/index.php?rest_route=\/wp\/v2\/pages"}],"about":[{"href":"https:\/\/jatur.ch\/index.php?rest_route=\/wp\/v2\/types\/page"}],"author":[{"embeddable":true,"href":"https:\/\/jatur.ch\/index.php?rest_route=\/wp\/v2\/users\/1"}],"replies":[{"embeddable":true,"href":"https:\/\/jatur.ch\/index.php?rest_route=%2Fwp%2Fv2%2Fcomments&post=761"}],"version-history":[{"count":23,"href":"https:\/\/jatur.ch\/index.php?rest_route=\/wp\/v2\/pages\/761\/revisions"}],"predecessor-version":[{"id":1224,"href":"https:\/\/jatur.ch\/index.php?rest_route=\/wp\/v2\/pages\/761\/revisions\/1224"}],"wp:attachment":[{"href":"https:\/\/jatur.ch\/index.php?rest_route=%2Fwp%2Fv2%2Fmedia&parent=761"}],"curies":[{"name":"wp","href":"https:\/\/api.w.org\/{rel}","templated":true}]}}