{"id":339,"date":"2014-03-09T15:03:03","date_gmt":"2014-03-09T15:03:03","guid":{"rendered":"http:\/\/jatur.ifaway.net\/?page_id=339"},"modified":"2020-08-10T11:40:01","modified_gmt":"2020-08-10T11:40:01","slug":"projet-2015","status":"publish","type":"page","link":"https:\/\/jatur.ch\/?page_id=339","title":{"rendered":"Burkina Faso 2015"},"content":{"rendered":"<p><iframe width=\"584\" height=\"329\" src=\"https:\/\/www.youtube.com\/embed\/9ozTe9Tqv-8?feature=oembed\" frameborder=\"0\" allowfullscreen><\/iframe><\/p>\n<table>\n<tbody>\n<tr>\n<td><iframe src=\"https:\/\/www.youtube.com\/embed\/uHJlyKFnVIQ\" width=\"570\" height=\"570\" frameborder=\"0\" allowfullscreen=\"allowfullscreen\"><\/iframe><\/td>\n<td><\/td>\n<\/tr>\n<\/tbody>\n<\/table>\n<table>\n<tbody>\n<tr>\n<td><a href=\"http:\/\/www.jatur.ch\/wp-content\/uploads\/2014\/03\/Rapport-Burkina-Faso-ete-2015.pdf\"><img loading=\"lazy\" class=\"aligncenter wp-image-914 size-full\" src=\"http:\/\/www.jatur.ch\/wp-content\/uploads\/2014\/03\/projet2015jatur2.jpg\" alt=\"\" width=\"266\" height=\"294\" \/><\/a><\/td>\n<td><a href=\"http:\/\/www.jatur.ch\/wp-content\/uploads\/2014\/03\/Sans-titre-4-R\u00e9cup\u00e9r\u00e91.jpg\"><img loading=\"lazy\" class=\"aligncenter wp-image-832 \" src=\"http:\/\/www.jatur.ch\/wp-content\/uploads\/2014\/03\/Sans-titre-4-R\u00e9cup\u00e9r\u00e91.jpg\" alt=\"\" width=\"266\" height=\"294\" \/><\/a><\/td>\n<\/tr>\n<\/tbody>\n<\/table>\n<table>\n<tbody>\n<tr>\n<td><a href=\"http:\/\/www.jatur.ch\/wp-content\/uploads\/2014\/03\/image001.jpg\"><img loading=\"lazy\" class=\"aligncenter wp-image-941 \" src=\"http:\/\/www.jatur.ch\/wp-content\/uploads\/2014\/03\/image001.jpg\" alt=\"\" width=\"230\" height=\"303\" \/><\/a><\/td>\n<td><a href=\"http:\/\/www.jatur.ch\/?page_id=921\"><img loading=\"lazy\" class=\"aligncenter wp-image-917\" src=\"http:\/\/www.jatur.ch\/wp-content\/uploads\/2014\/03\/pr\u00e9sentation.png\" alt=\"pr\u00e9sentation\" width=\"348\" height=\"300\" srcset=\"https:\/\/jatur.ch\/wp-content\/uploads\/2014\/03\/pr\u00e9sentation.png 348w, https:\/\/jatur.ch\/wp-content\/uploads\/2014\/03\/pr\u00e9sentation-300x259.png 300w\" sizes=\"(max-width: 348px) 100vw, 348px\" \/><\/a><\/td>\n<\/tr>\n<\/tbody>\n<\/table>\n<table>\n<tbody>\n<tr>\n<td>\n<div class=\"fb-share-button\" style=\"text-align: left;\"><a href=\"http:\/\/www.jatur.ch\/wp-content\/uploads\/2014\/03\/Rapport-Burkina-Faso-2015.pdf\"><img loading=\"lazy\" class=\"alignleft wp-image-574 \" src=\"http:\/\/www.jatur.ch\/wp-content\/uploads\/2014\/03\/Pr\u00e9sentation-300x177.jpg\" alt=\"Pr\u00e9sentation\" width=\"256\" height=\"155\" \/><\/a><\/div>\n<div class=\"fb-share-button\" style=\"text-align: left;\"><\/div>\n<\/td>\n<td><a href=\"http:\/\/www.jatur.ch\/wp-content\/uploads\/2014\/03\/Partenariat-Dons-Projet-Burkina-2015.pdf\"><img loading=\"lazy\" class=\"alignright wp-image-572 \" src=\"http:\/\/www.jatur.ch\/wp-content\/uploads\/2014\/03\/DonsParrainages-300x152.jpg\" alt=\"Dons&amp;Parrainages\" width=\"304\" height=\"160\" \/><\/a><\/td>\n<\/tr>\n<\/tbody>\n<\/table>\n","protected":false},"excerpt":{"rendered":"","protected":false},"author":2,"featured_media":0,"parent":0,"menu_order":0,"comment_status":"closed","ping_status":"closed","template":"","meta":[],"_links":{"self":[{"href":"https:\/\/jatur.ch\/index.php?rest_route=\/wp\/v2\/pages\/339"}],"collection":[{"href":"https:\/\/jatur.ch\/index.php?rest_route=\/wp\/v2\/pages"}],"about":[{"href":"https:\/\/jatur.ch\/index.php?rest_route=\/wp\/v2\/types\/page"}],"author":[{"embeddable":true,"href":"https:\/\/jatur.ch\/index.php?rest_route=\/wp\/v2\/users\/2"}],"replies":[{"embeddable":true,"href":"https:\/\/jatur.ch\/index.php?rest_route=%2Fwp%2Fv2%2Fcomments&post=339"}],"version-history":[{"count":55,"href":"https:\/\/jatur.ch\/index.php?rest_route=\/wp\/v2\/pages\/339\/revisions"}],"predecessor-version":[{"id":641,"href":"https:\/\/jatur.ch\/index.php?rest_route=\/wp\/v2\/pages\/339\/revisions\/641"}],"wp:attachment":[{"href":"https:\/\/jatur.ch\/index.php?rest_route=%2Fwp%2Fv2%2Fmedia&parent=339"}],"curies":[{"name":"wp","href":"https:\/\/api.w.org\/{rel}","templated":true}]}}