{"id":255,"date":"2011-12-08T10:59:36","date_gmt":"2011-12-08T09:59:36","guid":{"rendered":"http:\/\/jatur.ifaway.net\/?page_id=255"},"modified":"2011-12-08T10:59:36","modified_gmt":"2011-12-08T09:59:36","slug":"projet-2012","status":"publish","type":"page","link":"https:\/\/jatur.ch\/?page_id=255","title":{"rendered":"B\u00e9nin 2012"},"content":{"rendered":"<p>B\u00e9nin<\/p>\n<p><span style=\"color: #ff6600\"><strong>Lieu<\/strong>:<\/span> Arrondissement rural de Lon Agonmey, commune d&rsquo;Allada.<\/p>\n<p><strong><span style=\"color: #ff6600\">Dates<\/span><\/strong>: \u00e9t\u00e9 2012<\/p>\n<p><span style=\"color: #ff6600\"><strong>Projet:<\/strong><\/span><\/p>\n<p>D\u00e9buter la construction d\u2019un b\u00e2timent<\/p>\n<p>scolaire de 3 classes au coll\u00e8gue local,<\/p>\n<p align=\"left\">encadr\u00e9s par des professionnels et en \u00e9troite<\/p>\n<p align=\"left\">collaboration avec l\u2019ASVB (Association<\/p>\n<p>Solidarit\u00e9 avec les Villages du B\u00e9nin).<\/p>\n<p><strong><span style=\"color: #ff6600\">Co\u00fbt total<\/span><\/strong> : CHF 17&rsquo;989.00 (\u00e9t\u00e9 2012)<\/p>\n<p>Participation au projet du groupe Jatur: CHF 11&rsquo;000<\/p>\n<p align=\"left\">Les phases suivantes seront prises en charge par<\/p>\n<p align=\"left\">d\u2019autres groupes Jatur et\/ou des activit\u00e9s organis\u00e9es<\/p>\n<p>par l\u2019ASVB.<\/p>\n","protected":false},"excerpt":{"rendered":"<p>B\u00e9nin Lieu: Arrondissement rural de Lon Agonmey, commune d&rsquo;Allada. Dates: \u00e9t\u00e9 2012 Projet: D\u00e9buter la construction d\u2019un b\u00e2timent scolaire de 3 classes au coll\u00e8gue local, encadr\u00e9s par des professionnels et en \u00e9troite collaboration avec l\u2019ASVB (Association Solidarit\u00e9 avec les Villages &hellip; <a href=\"https:\/\/jatur.ch\/?page_id=255\">Lire la suite <span class=\"meta-nav\">&rarr;<\/span><\/a><\/p>\n","protected":false},"author":2,"featured_media":0,"parent":323,"menu_order":0,"comment_status":"open","ping_status":"open","template":"","meta":[],"_links":{"self":[{"href":"https:\/\/jatur.ch\/index.php?rest_route=\/wp\/v2\/pages\/255"}],"collection":[{"href":"https:\/\/jatur.ch\/index.php?rest_route=\/wp\/v2\/pages"}],"about":[{"href":"https:\/\/jatur.ch\/index.php?rest_route=\/wp\/v2\/types\/page"}],"author":[{"embeddable":true,"href":"https:\/\/jatur.ch\/index.php?rest_route=\/wp\/v2\/users\/2"}],"replies":[{"embeddable":true,"href":"https:\/\/jatur.ch\/index.php?rest_route=%2Fwp%2Fv2%2Fcomments&post=255"}],"version-history":[{"count":0,"href":"https:\/\/jatur.ch\/index.php?rest_route=\/wp\/v2\/pages\/255\/revisions"}],"up":[{"embeddable":true,"href":"https:\/\/jatur.ch\/index.php?rest_route=\/wp\/v2\/pages\/323"}],"wp:attachment":[{"href":"https:\/\/jatur.ch\/index.php?rest_route=%2Fwp%2Fv2%2Fmedia&parent=255"}],"curies":[{"name":"wp","href":"https:\/\/api.w.org\/{rel}","templated":true}]}}