{"id":107,"date":"2010-07-01T21:29:26","date_gmt":"2010-07-01T20:29:26","guid":{"rendered":"http:\/\/jatur.ifaway.net\/?page_id=107"},"modified":"2010-07-01T21:29:26","modified_gmt":"2010-07-01T20:29:26","slug":"burkina-faso-2004","status":"publish","type":"page","link":"https:\/\/jatur.ch\/?page_id=107","title":{"rendered":"Burkina Faso 2004"},"content":{"rendered":"<p>Le Burkina Faso est un pays d&rsquo;Afrique de l&rsquo;Ouest.<\/p>\n<p>Ce pays doit faire face \u00e0 des difficult\u00e9s communes \u00e0 de nombreux pays africains: l&rsquo;\u00e9conomie est fortement d\u00e9pendante de l&rsquo;ext\u00e9rieur, peu d&rsquo;industrialisation, forte croissance d\u00e9mographique, exode rural vers les centres urbains. <img src=\"http:\/\/jatur.ifaway.net\/wp-includes\/js\/tinymce\/plugins\/img\/trans.gif\" alt=\"\" \/><\/p>\n<p>D&rsquo;un point de vue social, le ch\u00f4mage, d\u00e9j\u00e0 \u00e9lev\u00e9, est aggrav\u00e9 par la disparition d&#8217;emplois dans la fonction publique comme dans le secteur priv\u00e9. Les demandeurs d&#8217;emploi sont en majorit\u00e9 des jeunes bien souvent illettr\u00e9s ou sans qualifications. De plus, le Burkina Faso conna\u00eet une situation g\u00e9ographique difficile: pays enclav\u00e9, souffrant de s\u00e9cheresses et de d\u00e9sertification.<br \/>\nL&rsquo;Association partenaire Zod-Neer\u00e9: une philosophie ancr\u00e9e dans la r\u00e9alit\u00e9&#8230;<\/p>\n<p>ZOD NEERE signifie \u00ab les bienfaits de l\u2019amiti\u00e9 \u00bb. Implant\u00e9e \u00e0 Ouagadougou et \u00e0 Sabou (village \u00e0 60 km de la capitale) , Zod Neer\u00e9 a \u00e9t\u00e9 fond\u00e9e en 1987 par Lassane KIEMTORE ( http:\/zodneere.free.fr).<\/p>\n<p>Son activit\u00e9 vise \u00e0 r\u00e9ins\u00e9rer des jeunes par la formation \u00e0 l\u2019art traditionnel burkinab\u00e9.<\/p>\n<p>MAIS ENCORE&#8230;<\/p>\n<p>Un philosophie ancr\u00e9e dans la r\u00e9alit\u00e9&#8230;<\/p>\n<p>Le Burkina Faso compte un nombre croissant de jeunes non ou semi scolaris\u00e9s, sans aucune qualification et qui se retrouvent sans r\u00e9elles possibilit\u00e9s de trouver une activit\u00e9 professionnelle. Le secteur informel n&rsquo;offre pas \u00e0 ces jeunes l&rsquo;acc\u00e8s \u00e0 de petits emplois.<\/p>\n<p>Partant de ce constat et ayant la conviction que le d\u00e9veloppement de son pays passe par la cr\u00e9ation et la mise en oeuvre de projets communautaires, Lassane KIEMTORE a cr\u00e9\u00e9 l&rsquo;association Zod-Neere avec l&rsquo;aide d&rsquo;autres jeunes instituteurs. A cette fin, il met en place en 1987 un centre culturel et artisanal dans le but d&rsquo;offrir aux jeunes un lieu de formation professionnelle. Le premier centre voit le jour \u00e0 Sabou. Fort de cette r\u00e9ussite et conscient de la situation des jeunes en difficult\u00e9 dans les diff\u00e9rents secteurs p\u00e9riph\u00e9riques de Ouagadougou, il reproduit cette exp\u00e9rience dans le secteur 10 de la capitale.<\/p>\n<p>Les objectifs<\/p>\n<p>\u00b7 Offrir une formation professionnelle s\u2019appuyant sur le savoir-faire artisanal du Burkina.<\/p>\n<p>\u00b7 Permettre aux jeunes exclus du syst\u00e8me \u00e9ducatif d\u2019acqu\u00e9rir une formation g\u00e9n\u00e9rale et technique et de se responsabiliser.<\/p>\n<p>\u00b7 Cr\u00e9er des lieux de vie favorisant l\u2019\u00e9mergence parmi les jeunes d\u2019initiatives nouvelles et les \u00e9changes interculturels.<\/p>\n<p>Les domaines d\u2019action de Zod-Neere<\/p>\n<p>Le centre Zod-Neere r\u00e9pond aux besoins des jeunes n\u2019ayant eu acc\u00e8s \u00e0 aucune formation et par cons\u00e9quent sans v\u00e9ritable espoir d\u2019avenir professionnel. L\u2019association a d\u00e9velopp\u00e9 de multiples projets dans le but de venir en aide aux jeunes. L\u2019activit\u00e9 se concentre sur trois domaines principaux :<\/p>\n<p>\u00b7 \u00c9cole de remise \u00e0 niveau scolaire \u00e0 Sabou pour les jeunes exclus du syst\u00e8me public.<\/p>\n<p>\u00b7 Centres de formation \u00e0 l\u2019artisanat africain (sculptures de bronze, tissage, batik, vannerie, menuiserie) \u00e0 Sabou et \u00e0 Ouagadougou.<\/p>\n<p>\u00b7 Salle d\u2019exposition destin\u00e9e \u00e0 promouvoir l\u2019art traditionnel africain et \u00e0 g\u00e9n\u00e9rer de ventes.<\/p>\n<p>Par ailleurs, b\u00e9n\u00e9ficiant d\u2019un contact privil\u00e9gi\u00e9 avec les jeunes et leur famille, l\u2019association organise ponctuellement des campagnes de sensibilisation sur les th\u00e8mes de la famille, de la sant\u00e9 et du sida.<\/p>\n<p>Les sources actuelles de financement<\/p>\n<p>Actuellement, l\u2019association a deux sources principales de revenus :<\/p>\n<p>\u00b7 Les revenus issus de la vente des pi\u00e8ces d\u2019art (salles d\u2019exposition \u00e0 Sabou et \u00e0 Ouagadougou et expositions \u00e0 l\u2019\u00e9tranger)<\/p>\n<p>\u00b7 L&rsquo;apport de diff\u00e9rents partenaires europ\u00e9ens : la ville de Besan\u00e7on, la ville Suisse de Neuch\u00e2tel et l&rsquo;association franco-suisse Zod-Panga qui est le principal partenaire de Zod-Neere en France et en Suisse. R\u00e9gie par la loi 1901, Zod-Panga s\u2019est \u00e9tablie dans la r\u00e9gion nanc\u00e9ienne en septembre 1992. Son objectif est de conduire la r\u00e9alisation et le d\u00e9veloppement du centre Zod-Neere par l\u2019organisation dans toute la France d\u2019expositions des oeuvres d\u2019art en bronze.<\/p>\n<p>L&rsquo;\u00c9COLE DE SABOU: UNE \u00c9COLE DE LA SECONDE CHANCE<\/p>\n<p>L\u2019\u00e9cole Zod-Neer\u00e9 est n\u00e9e en 1998 et a pour but de donner une deuxi\u00e8me chance \u00e0 des \u00e9l\u00e8ves du CP1 au CM2 (\u00e9cole primaire).Elle accueille des \u00e9l\u00e8ves exclus du syst\u00e8me scolaire national pour des raisons de r\u00e9sultats scolaire d\u2019une part et financi\u00e8res d\u2019autre part. Les frais de scolarit\u00e9 au Burkina Faso emp\u00eachent les familles les plus d\u00e9munies d\u2019envoyer leurs enfants \u00e0 l\u2019\u00e9cole. Zod-Neer\u00e9 est la premi\u00e8re structure d\u2019aide \u00e0 la scolarisation cr\u00e9\u00e9e \u00e0 Sabou et permet \u00e0 de nombreux jeunes en \u00e9chec de se r\u00e9ins\u00e9rer dans le syst\u00e8me scolaire.<\/p>\n<p>Depuis 1997, le centre de Zod-Neere dispose de nouveaux b\u00e2timents qui ont permis d\u2019accueillir, \u00e0 la rentr\u00e9e 1998, la premi\u00e8re promotion de l\u2019\u00e9cole de remise \u00e0 niveau. L\u2019\u00e9cole dispose d\u00e9sormais d\u2019une salle de cours bien \u00e9quip\u00e9e (tables, chaises, tableau) ainsi que d\u2019une petite biblioth\u00e8que et de sanitaires.<\/p>\n<p>Une trentaine d\u2019\u00e9l\u00e8ves \u00e2g\u00e9s de 9 \u00e0 17 ans ont \u00e9t\u00e9 admis \u00e0 l\u2019\u00e9cole en fonction de la motivation des \u00e9l\u00e8ves comme de celle de leurs parents et principalement selon des crit\u00e8res scolaires et sociaux. En effet, Zod-Neere se veut une \u00e9cole de la seconde chance : elle accueille des \u00e9l\u00e8ves exclus du syst\u00e8me scolaire national pour des raisons de r\u00e9sultats scolaires d\u2019une part, et financi\u00e8res d\u2019autre part &#8211; les frais de scolarit\u00e9 au Burkina Faso emp\u00eachent les familles les plus d\u00e9munies d\u2019envoyer leurs enfants \u00e0 l\u2019\u00e9cole. Or, les structures d\u2019aide \u00e0 la scolarisation sont inexistantes \u00e0 Sabou et le niveau de vie moyen dans cette ville est bas, si bien que de nombreux jeunes n\u2019ont pas acc\u00e8s \u00e0 l\u2019\u00e9cole et ont peu d\u2019espoir de s\u2019en sortir.<\/p>\n<p>La deuxi\u00e8me ann\u00e9e de fonctionnement de l\u2019\u00e9cole a \u00e9t\u00e9 un r\u00e9el succ\u00e8s : les 8 \u00e9l\u00e8ves pr\u00e9sent\u00e9s au certificat d\u2019\u00e9tudes primaires ont pass\u00e9 avec succ\u00e8s l\u2019examen. Ce r\u00e9sultat rivalise avec ceux obtenus par les meilleures \u00e9coles publiques de la r\u00e9gion.<br \/>\nProjet JATUR: agir concr\u00e8tement<br \/>\n\u2022 LE PROJET POINT JEUNE<\/p>\n<p>De nos jours, les jeunes sont en qu\u00eate d\u2019espace au sein duquel ils pourraient s\u2019exprimer, se recr\u00e9er et s\u2019informer. Vu l\u2019attention que nous accordons aux jeunes le projet Point Jeune a pour objectif de mettre \u00e0 disposition de la jeunesse un cadre d\u2019expression<\/p>\n<p>Ainsi l\u2019Association Zod-Neer\u00e9 dans sa lutte pour le d\u00e9veloppement communautaire, a pour but de cr\u00e9er un espace de rencontre pour les jeunes de Sabou et pour d&rsquo; autres jeunes.<br \/>\nCe projet de partenariat est initi\u00e9 de concert par JATUR et parLassane KIEMTORE, fondateur de Zod\u2013Neere. Il part du constat que ces deux associations adh\u00e8rent \u00e0 des objectifs identiques: le bien \u00eatre de la jeunesse du monde.<\/p>\n<p>\u2022 LES OBJECTIFS DU PROJET<\/p>\n<p>Afin de mettre en place des liens d\u2019amiti\u00e9 et d\u2019\u00e9change entre les jeunes , l\u2019association se propose d\u2019\u00eatre un point de chute pour la jeunesse de la mani\u00e8re suivante :<\/p>\n<p>\u2022 En instaurant un \u00e9change culturel entre les jeunes du Burkina et ceux de l\u2019Europe,<br \/>\nen faisant d\u00e9couvrir les modes de vie en Afrique et particuli\u00e8rement au Burkina aux Europ\u00e9ens: les traditions ,us et les coutumes, culture etc.<br \/>\nFreiner l\u2019exode rurale de la jeunesse vers les p\u00f4les urbains en leur offrant cet espace d\u2019\u00e9change , de formation ,d\u2019animation et de r\u00e9cr\u00e9ation<br \/>\n\u2022 En assurant l\u2019accueil des jeunes de JATUR \u00e0 Sabou et au Burkina<br \/>\n\u2022 En garantissant la fonctionnalit\u00e9 et l\u2019utilit\u00e9 de ce centre d\u2019\u00e9change<br \/>\nAccueillir les stagiaires et \u00e9l\u00e8ves, des formateur pour un appui technique.<\/p>\n<p>D\u2019autre part l\u2019association Zod-Neer\u00e9 n\u00e9cessite:<\/p>\n<p>\u2022 D\u2019une contribution financi\u00e8re pour l\u2019installation et le fonctionnement efficace de ce centre.<br \/>\n\u2022 D\u2019une contribution en mat\u00e9riel d\u2019informatique pour un site Internet.<br \/>\n\u2022 D\u2019\u0153uvres litt\u00e9raires, de roman r\u00e9cr\u00e9atif (BD Aventures, Romantiques, Policier), de manuels d\u2019\u00e9tude pour tous les niveau ; \u2026 afin d\u2019alimenter une biblioth\u00e8que.<\/p>\n<p>\u2022 D\u2019appareil de musique, de sonorisation de t\u00e9l\u00e9vision pour un espace r\u00e9cr\u00e9atif t\u00e9l\u00e9viseur et d\u2019un dancing<\/p>\n<p>a. LES RESULTATS ESCOMPTES<br \/>\nFaire de la r\u00e9gion de Sabou un p\u00f4le d\u2019attraction au plan touristique tant au Burkina qu\u2019\u00e0 l\u2019\u00e9tranger,v<br \/>\nTisser des relations de partenariat et de jumelage entre Sabou etv d\u2019autres villes \u00e0 travers le monde pour son d\u00e9veloppement,<br \/>\nCr\u00e9er un cadre d\u2019\u00e9change pour les jeunes,v<br \/>\nPouvoir sensibiliser les jeunes sur les question de la sant\u00e9, de lav reproduction, sur leur devoir civique, prodiguer des conseils sur les initiatives de d\u00e9veloppement de leur activit\u00e9 r\u00e9mun\u00e9ratrice,<br \/>\nFreiner l\u2019exode rurale des jeunes vers les centres urbains.<\/p>\n<p>b. LES MOYENS MATERIELS<br \/>\nL\u2019association Zod-Neer\u00e9 dispose d\u2019un terrain situ\u00e9 sur le bord de la national 1; Il est envisag\u00e9 d\u2019utiliser l\u2019\u00e9nergie solaire dans une zone o\u00f9 l\u2019\u00e9lectricit\u00e9 n\u2019est pas encore fonctionnelle .<\/p>\n<p>Ces donn\u00e9es sont des propositions qui pourraient \u00e9ventuellement \u00eatre am\u00e9nag\u00e9es selon les possibilit\u00e9s financi\u00e8res .<\/p>\n<p>\u2022 LES MOYENS D\u2019ACTION<br \/>\nSous la supervision d\u2019un coordinateur qui sera charg\u00e9 du suivi du centre et de la formation des animateurs, la gestion des biens mat\u00e9riels et financiers sera assur\u00e9e.<br \/>\nLa t\u00e2che des animateurs consistera \u00e0 la sensibilisation aux difficult\u00e9s qui minent notre soci\u00e9t\u00e9 tels que les IST\/ SIDA , \u00e0 la formation dans le domaine culturel , \u00e0 des projections et des d\u00e9bats enfin \u00e0 susciter une prise de conscience que le d\u00e9veloppement ne pourra s\u2019effectuer sans une introspection du point de vue culturel et une ouverture \u00e0 d\u2019autres cultures .<\/p>\n<p>Construction des locaux:<\/p>\n<p>Premi\u00e8re tranche: 10.000 francs suisse<\/p>\n<p>Achat de mati\u00e8res premi\u00e8res:<\/p>\n<p>-Achat de ciment , d\u2019agr\u00e9gats ,de fer \u00e0 b\u00e9ton confection de briques ,<br \/>\n-Embauche de jeunes ouvriers du village<br \/>\nIl est \u00e0 soulign\u00e9 que le co\u00fbt de la r\u00e9alisation reste modulable en fonction de la r\u00e9colte des fonds .<\/p>\n<p>Mat\u00e9riel \u00e0 acqu\u00e9rir :<\/p>\n<p>Des ouvrages scolaires et ludiques (romans , livres scolaires , bandes dessin\u00e9es etc.)<br \/>\nDu mat\u00e9riel de sonorisation (amplificateur, lecteur CD DVD , magn\u00e9tophone ,baffles )<br \/>\nUn poste t\u00e9l\u00e9viseur ,un magn\u00e9toscope<br \/>\nUne dizaines d\u2019ordinateurs.<\/p>\n<p>Les frais de fonctionnements mensuel et annuel se constitue d\u2019une part des cotisations faites part les membres et d\u2019autre part par les fonds g\u00e9n\u00e9r\u00e9s au niveau de l\u2019espace Point Jeune<\/p>\n","protected":false},"excerpt":{"rendered":"<p>Le Burkina Faso est un pays d&rsquo;Afrique de l&rsquo;Ouest. Ce pays doit faire face \u00e0 des difficult\u00e9s communes \u00e0 de nombreux pays africains: l&rsquo;\u00e9conomie est fortement d\u00e9pendante de l&rsquo;ext\u00e9rieur, peu d&rsquo;industrialisation, forte croissance d\u00e9mographique, exode rural vers les centres urbains. &hellip; <a href=\"https:\/\/jatur.ch\/?page_id=107\">Lire la suite <span class=\"meta-nav\">&rarr;<\/span><\/a><\/p>\n","protected":false},"author":2,"featured_media":0,"parent":323,"menu_order":0,"comment_status":"open","ping_status":"open","template":"","meta":[],"_links":{"self":[{"href":"https:\/\/jatur.ch\/index.php?rest_route=\/wp\/v2\/pages\/107"}],"collection":[{"href":"https:\/\/jatur.ch\/index.php?rest_route=\/wp\/v2\/pages"}],"about":[{"href":"https:\/\/jatur.ch\/index.php?rest_route=\/wp\/v2\/types\/page"}],"author":[{"embeddable":true,"href":"https:\/\/jatur.ch\/index.php?rest_route=\/wp\/v2\/users\/2"}],"replies":[{"embeddable":true,"href":"https:\/\/jatur.ch\/index.php?rest_route=%2Fwp%2Fv2%2Fcomments&post=107"}],"version-history":[{"count":0,"href":"https:\/\/jatur.ch\/index.php?rest_route=\/wp\/v2\/pages\/107\/revisions"}],"up":[{"embeddable":true,"href":"https:\/\/jatur.ch\/index.php?rest_route=\/wp\/v2\/pages\/323"}],"wp:attachment":[{"href":"https:\/\/jatur.ch\/index.php?rest_route=%2Fwp%2Fv2%2Fmedia&parent=107"}],"curies":[{"name":"wp","href":"https:\/\/api.w.org\/{rel}","templated":true}]}}