{"id":105,"date":"2010-07-01T21:28:44","date_gmt":"2010-07-01T20:28:44","guid":{"rendered":"http:\/\/jatur.ifaway.net\/?page_id=105"},"modified":"2010-07-01T21:28:44","modified_gmt":"2010-07-01T20:28:44","slug":"tanzanie-1999","status":"publish","type":"page","link":"https:\/\/jatur.ch\/?page_id=105","title":{"rendered":"Tanzanie 1999"},"content":{"rendered":"<p>\u00ab\u00a0Pour la premi\u00e8re fois, un groupe Jatur s&rsquo;est rendu en Tanzanie. Il a s\u00e9journ\u00e9 dans un village pr\u00e8s de la ville d&rsquo;Arusha, au pied du Mont M\u00e9ru. A 1 400m d&rsquo;altitude, les nuits sont fr\u00e2iches mais les journ\u00e9es douces, une fois le brouillard matinal dissip\u00e9: un climat surprenant en Afrique. Une maison mise \u00e0 notre disposition nous permettait de faire la cuisine et de nous sentir chez nous. <img src=\"http:\/\/jatur.ifaway.net\/wp-includes\/js\/tinymce\/plugins\/img\/trans.gif\" alt=\"\" \/>Le projet a consist\u00e9 en la r\u00e9novation int\u00e9rieure et ext\u00e9rieure de l&rsquo;\u00e9cole primaire publique d&rsquo;Olturoto compos\u00e9e de huit salles de classe. Les murs ext\u00e9rieurs en briques ont \u00e9t\u00e9 pl\u00e2tr\u00e9s puis cr\u00e9pis, le toit en t\u00f4le enduit d&rsquo;un produit anti-rouille, les volets en bois ponc\u00e9s puis peints en ver5t; les parois int\u00e9rieures ont \u00e9t\u00e9 badigeonn\u00e9es en couleur cr\u00e8me et les tableaux noirs refaits; de plus, les bancs ont \u00e9t\u00e9 consolid\u00e9s; une biblioth\u00e8que et une armoire mont\u00e9es. Une grande quantit\u00e9 de mat\u00e9riel scolaires ainsi que deux \u00e9quipements complets de football ont \u00e9t\u00e9 distribu\u00e9s aux enfants de l&rsquo;\u00e9cole: la joie se lisait sur leur visage.[&#8230;] Pendant les pauses, nombreux \u00e9taient les jeux avec les petits \u00e9coliers venus mettre la main \u00e0 la p\u00e2te (ou dans la peinture).\u00a0\u00bb Participants Tanzanie 1999<\/p>\n<p>Arusha, le 31 ao\u00fbt 1999<\/p>\n<p>\u00ab\u00a0Chers Messieurs Dames,<\/p>\n<p>Je suis un Tanzanien du nom d&rsquo;Henry. Je viens d&rsquo;un petit village qui s&rsquo;appelle Ilkirevi dans la r\u00e9gion d&rsquo;Arusha.<\/p>\n<p>Au mois de juillet de cette ann\u00e9e [1999], un groupe de jeunes de Jatur [&#8230;] ont visit\u00e9 notre village qui est situ\u00e9 au pied du Mont M\u00e9ru. Ils nous ont aid\u00e9s financi\u00e8rement, mat\u00e9riellement et physiquement \u00e0 pl\u00e2trer et peindre une \u00e9cole primaire de notre village. Elle est maintenant une tr\u00e8s belle \u00e9cole. Les enfants sont tr\u00e8s contents de tous les cadeaux qu&rsquo;ils ont re\u00e7us. Tout le monde au village a beaucoup appr\u00e9ci\u00e9. C&rsquo;est la premi\u00e8re fois que l&rsquo;on a une aide comme \u00e7a dans notre village.<\/p>\n<p>De la part de tout le monde et de moi-m\u00eame, je tiens \u00e0 remercier ces jeunes en particulier et JATUR en g\u00e9n\u00e9ral pour avoir organis\u00e9 et effectu\u00e9 ce voyage qui a \u00e9t\u00e9 tr\u00e8s enrichissant pour les \u00e9coliers de notre \u00e9cole. Ils parlent souvent de ce groupe avec des sourires. On ne trouve pas assez de mots pour exprimer nos sentiments. Il n&rsquo;y a qu&rsquo;\u00e0 dire et nous croyons que vous comprendrez: MERCI BEAUCOUP. Si un jour vous trouvez l&rsquo;occasion d&rsquo;y revenir, vous \u00eates les bienvenus. Mille mercis [&#8230;]\u00a0\u00bb<\/p>\n<p>Henry Obed<\/p>\n","protected":false},"excerpt":{"rendered":"<p>\u00ab\u00a0Pour la premi\u00e8re fois, un groupe Jatur s&rsquo;est rendu en Tanzanie. Il a s\u00e9journ\u00e9 dans un village pr\u00e8s de la ville d&rsquo;Arusha, au pied du Mont M\u00e9ru. A 1 400m d&rsquo;altitude, les nuits sont fr\u00e2iches mais les journ\u00e9es douces, une &hellip; <a href=\"https:\/\/jatur.ch\/?page_id=105\">Lire la suite <span class=\"meta-nav\">&rarr;<\/span><\/a><\/p>\n","protected":false},"author":2,"featured_media":0,"parent":323,"menu_order":0,"comment_status":"open","ping_status":"open","template":"","meta":[],"_links":{"self":[{"href":"https:\/\/jatur.ch\/index.php?rest_route=\/wp\/v2\/pages\/105"}],"collection":[{"href":"https:\/\/jatur.ch\/index.php?rest_route=\/wp\/v2\/pages"}],"about":[{"href":"https:\/\/jatur.ch\/index.php?rest_route=\/wp\/v2\/types\/page"}],"author":[{"embeddable":true,"href":"https:\/\/jatur.ch\/index.php?rest_route=\/wp\/v2\/users\/2"}],"replies":[{"embeddable":true,"href":"https:\/\/jatur.ch\/index.php?rest_route=%2Fwp%2Fv2%2Fcomments&post=105"}],"version-history":[{"count":0,"href":"https:\/\/jatur.ch\/index.php?rest_route=\/wp\/v2\/pages\/105\/revisions"}],"up":[{"embeddable":true,"href":"https:\/\/jatur.ch\/index.php?rest_route=\/wp\/v2\/pages\/323"}],"wp:attachment":[{"href":"https:\/\/jatur.ch\/index.php?rest_route=%2Fwp%2Fv2%2Fmedia&parent=105"}],"curies":[{"name":"wp","href":"https:\/\/api.w.org\/{rel}","templated":true}]}}