{"id":101,"date":"2010-07-01T21:27:25","date_gmt":"2010-07-01T20:27:25","guid":{"rendered":"http:\/\/jatur.ifaway.net\/?page_id=101"},"modified":"2010-07-01T21:27:25","modified_gmt":"2010-07-01T20:27:25","slug":"madagascar-2000","status":"publish","type":"page","link":"https:\/\/jatur.ch\/?page_id=101","title":{"rendered":"Madagascar 2000"},"content":{"rendered":"<p>\u00ab\u00a0Pour ce voyage Jatur \u00e0 Madagascar, nous \u00e9tions un groupe de neuf personnes. Sept participants et deux accompagnatrices. Tout plein de bonne volont\u00e9 pour remplir notre mission: cr\u00e9er un jardin potager sur l&rsquo;\u00eele de Sakatia au nord du pays. <img src=\"http:\/\/jatur.ifaway.net\/wp-includes\/js\/tinymce\/plugins\/wordpress\/img\/trans.gif\" alt=\"\" \/>Les habitants de cette \u00eele travaillent dur pour cultiver le riz et le manioc, qui sont les aliments de base pour leur nourriture. Cependant, pour diversifier leur alimentation, ils ach\u00e8tent parfois des l\u00e9gumes au march\u00e9 de la grande ville voisine. Malheureusement, ceux-ci \u00e9tant des produits du continent, \u00e9loign\u00e9 de leur \u00eele, ils co\u00fbtent chers!<\/p>\n<p>Le but de notre jardin \u00e9tait de montrer aux habitants comment faire un potager et ainsi leur d\u00e9montrer qu&rsquo;il est possible de faire pousser des l\u00e9gumes sur leur \u00eele. La production de ces l\u00e9gumes pourra aussi leur permettre de faire du commerce avec les h\u00f4tels de l&rsquo;\u00eele et ainsi gagner un peu d&rsquo;argent.<\/p>\n<p>Pour nous, qui n&rsquo;\u00e9tions pas jardinier, ce fut un apprentissage&#8230;Heureusement que l&rsquo;un des participants est apprenti horticulteur, il a pu diriger un peu nos travaux!<\/p>\n<p>Cependant, malgr\u00e9 notre manque d&rsquo;exp\u00e9rience, d&rsquo;apr\u00e8s des nouvelles fr\u00e2iches, il semblerait que les l\u00e9gumes&#8230;poussent! \u00a0\u00bb<\/p>\n<p>Participants Madagascar 2000<\/p>\n<p><a href=\"http:\/\/www.jatur.ch\/wp-content\/uploads\/2010\/06\/img002.jpg\"><img loading=\"lazy\" src=\"http:\/\/www.jatur.ch\/wp-content\/uploads\/2010\/06\/img002-212x300.jpg\" alt=\"\" width=\"212\" height=\"300\" \/><\/a><\/p>\n","protected":false},"excerpt":{"rendered":"<p>\u00ab\u00a0Pour ce voyage Jatur \u00e0 Madagascar, nous \u00e9tions un groupe de neuf personnes. Sept participants et deux accompagnatrices. Tout plein de bonne volont\u00e9 pour remplir notre mission: cr\u00e9er un jardin potager sur l&rsquo;\u00eele de Sakatia au nord du pays. Les &hellip; <a href=\"https:\/\/jatur.ch\/?page_id=101\">Lire la suite <span class=\"meta-nav\">&rarr;<\/span><\/a><\/p>\n","protected":false},"author":2,"featured_media":0,"parent":323,"menu_order":0,"comment_status":"open","ping_status":"open","template":"","meta":[],"_links":{"self":[{"href":"https:\/\/jatur.ch\/index.php?rest_route=\/wp\/v2\/pages\/101"}],"collection":[{"href":"https:\/\/jatur.ch\/index.php?rest_route=\/wp\/v2\/pages"}],"about":[{"href":"https:\/\/jatur.ch\/index.php?rest_route=\/wp\/v2\/types\/page"}],"author":[{"embeddable":true,"href":"https:\/\/jatur.ch\/index.php?rest_route=\/wp\/v2\/users\/2"}],"replies":[{"embeddable":true,"href":"https:\/\/jatur.ch\/index.php?rest_route=%2Fwp%2Fv2%2Fcomments&post=101"}],"version-history":[{"count":0,"href":"https:\/\/jatur.ch\/index.php?rest_route=\/wp\/v2\/pages\/101\/revisions"}],"up":[{"embeddable":true,"href":"https:\/\/jatur.ch\/index.php?rest_route=\/wp\/v2\/pages\/323"}],"wp:attachment":[{"href":"https:\/\/jatur.ch\/index.php?rest_route=%2Fwp%2Fv2%2Fmedia&parent=101"}],"curies":[{"name":"wp","href":"https:\/\/api.w.org\/{rel}","templated":true}]}}